{"id":27183,"date":"2025-03-27T23:52:53","date_gmt":"2025-03-28T03:52:53","guid":{"rendered":"https:\/\/www.greenteedesign.com\/greenteedesign\/welcome\/?post_type=product&#038;p=27183"},"modified":"2025-03-28T00:46:06","modified_gmt":"2025-03-28T04:46:06","slug":"green-tee-design-code-caffeine-password-generator-project-part-1","status":"publish","type":"product","link":"https:\/\/www.greenteedesign.com\/greenteedesign\/welcome\/product\/green-tee-design-code-caffeine-password-generator-project-part-1\/","title":{"rendered":"Green Tee Design &#8211; Code &#038; Caffeine &#8211; Password Generator Project | Part 1"},"content":{"rendered":"<p class=\"\" data-start=\"189\" data-end=\"390\"><div class=\"su-youtube su-u-responsive-media-yes\"><iframe loading=\"lazy\" width=\"600\" height=\"400\" src=\"https:\/\/www.youtube.com\/embed\/BEB9nzwORjE?\" frameborder=\"0\" allowfullscreen allow=\"autoplay; encrypted-media; picture-in-picture\" title=\"\"><\/iframe><\/div>\nWelcome to the project breakdown! In this video, we built a <strong data-start=\"249\" data-end=\"278\">custom password generator<\/strong> using the <strong data-start=\"289\" data-end=\"303\">LAMP stack<\/strong> (Linux, Apache, MySQL*, PHP) with a focus on simplicity, customization, and usability.<\/p>\n<h3 class=\"\" data-start=\"392\" data-end=\"411\">\u2705 What We Built<\/h3>\n<p class=\"\" data-start=\"413\" data-end=\"475\">A fully functional <strong data-start=\"432\" data-end=\"454\">password generator<\/strong> with these features:<\/p>\n<ul data-start=\"477\" data-end=\"932\">\n<li class=\"\" data-start=\"477\" data-end=\"543\">\n<p class=\"\" data-start=\"479\" data-end=\"543\">Customizable password <strong data-start=\"501\" data-end=\"511\">length<\/strong> (from 4 up to 2048 characters!)<\/p>\n<\/li>\n<li class=\"\" data-start=\"544\" data-end=\"685\">\n<p class=\"\" data-start=\"546\" data-end=\"565\">Options to include:<\/p>\n<ul data-start=\"568\" data-end=\"685\">\n<li class=\"\" data-start=\"568\" data-end=\"589\">\n<p class=\"\" data-start=\"570\" data-end=\"589\">\u2705 Uppercase letters<\/p>\n<\/li>\n<li class=\"\" data-start=\"592\" data-end=\"613\">\n<p class=\"\" data-start=\"594\" data-end=\"613\">\u2705 Lowercase letters<\/p>\n<\/li>\n<li class=\"\" data-start=\"616\" data-end=\"627\">\n<p class=\"\" data-start=\"618\" data-end=\"627\">\u2705 Numbers<\/p>\n<\/li>\n<li class=\"\" data-start=\"630\" data-end=\"641\">\n<p class=\"\" data-start=\"632\" data-end=\"641\">\u2705 Symbols<\/p>\n<\/li>\n<li class=\"\" data-start=\"644\" data-end=\"685\">\n<p class=\"\" data-start=\"646\" data-end=\"685\">\u2705 Accented characters (like \u00e9, \u00e7, \u00f1, \u00fc)<\/p>\n<\/li>\n<\/ul>\n<\/li>\n<li class=\"\" data-start=\"686\" data-end=\"732\">\n<p class=\"\" data-start=\"688\" data-end=\"732\">Generated password appears on the same page.<\/p>\n<\/li>\n<li class=\"\" data-start=\"733\" data-end=\"798\">\n<p class=\"\" data-start=\"735\" data-end=\"798\">Password is displayed in a <strong data-start=\"762\" data-end=\"774\">textarea<\/strong> to support long values.<\/p>\n<\/li>\n<li class=\"\" data-start=\"799\" data-end=\"870\">\n<p class=\"\" data-start=\"801\" data-end=\"870\">A <strong data-start=\"803\" data-end=\"826\">\u201cCopy to Clipboard\u201d<\/strong> button makes it easy to grab your password.<\/p>\n<\/li>\n<li class=\"\" data-start=\"871\" data-end=\"932\">\n<p class=\"\" data-start=\"873\" data-end=\"932\">The form <strong data-start=\"882\" data-end=\"914\">remembers your last settings<\/strong> after submission.<\/p>\n<\/li>\n<\/ul>\n<h3 class=\"\" data-start=\"934\" data-end=\"956\">\ud83e\udde0 Tech Stack Used<\/h3>\n<ul data-start=\"958\" data-end=\"1168\">\n<li class=\"\" data-start=\"958\" data-end=\"1023\">\n<p class=\"\" data-start=\"960\" data-end=\"1023\"><strong data-start=\"960\" data-end=\"967\">PHP<\/strong>: Handles form submission and password generation logic.<\/p>\n<\/li>\n<li class=\"\" data-start=\"1024\" data-end=\"1059\">\n<p class=\"\" data-start=\"1026\" data-end=\"1059\"><strong data-start=\"1026\" data-end=\"1034\">HTML<\/strong>: Builds the form and UI.<\/p>\n<\/li>\n<li class=\"\" data-start=\"1060\" data-end=\"1112\">\n<p class=\"\" data-start=\"1062\" data-end=\"1112\"><strong data-start=\"1062\" data-end=\"1069\">CSS<\/strong>: Basic styling placed in <code data-start=\"1095\" data-end=\"1111\">\/css\/style.css<\/code>.<\/p>\n<\/li>\n<li class=\"\" data-start=\"1113\" data-end=\"1168\">\n<p class=\"\" data-start=\"1115\" data-end=\"1168\"><strong data-start=\"1115\" data-end=\"1129\">JavaScript<\/strong>: Adds copy-to-clipboard functionality.<\/p>\n<\/li>\n<\/ul>\n<h3 class=\"\" data-start=\"1170\" data-end=\"1200\">\ud83d\udd27 Features &amp; Improvements<\/h3>\n<ul data-start=\"1202\" data-end=\"1432\">\n<li class=\"\" data-start=\"1202\" data-end=\"1255\">\n<p class=\"\" data-start=\"1204\" data-end=\"1255\">Secure <code data-start=\"1211\" data-end=\"1225\">random_int()<\/code> used for character selection.<\/p>\n<\/li>\n<li class=\"\" data-start=\"1256\" data-end=\"1307\">\n<p class=\"\" data-start=\"1258\" data-end=\"1307\">Clean UI with form validation and error handling.<\/p>\n<\/li>\n<li class=\"\" data-start=\"1308\" data-end=\"1359\">\n<p class=\"\" data-start=\"1310\" data-end=\"1359\">Lightweight and fully local \u2014 no database needed.<\/p>\n<\/li>\n<li class=\"\" data-start=\"1360\" data-end=\"1432\">\n<p class=\"\" data-start=\"1362\" data-end=\"1432\">Optimized for future expansion (password strength, save history, etc.)<\/p>\n<p>\ud83d\uddc2 Folder Structure<br \/>\n\/password-generator<br \/>\n\u251c\u2500\u2500 index.php \u2190 main logic &amp; UI<br \/>\n\u251c\u2500\u2500 css\/<br \/>\n\u2502 \u2514\u2500\u2500 style.css \u2190 styles for layout and form<\/p>\n<h3 class=\"\" data-start=\"1586\" data-end=\"1607\">\ud83d\udccc Run it Locally<\/h3>\n<ol data-start=\"1609\" data-end=\"1811\">\n<li class=\"\" data-start=\"1609\" data-end=\"1693\">\n<p class=\"\" data-start=\"1612\" data-end=\"1693\">Place the project in your web server&#8217;s root directory (<code data-start=\"1667\" data-end=\"1682\">\/var\/www\/html<\/code> on Linux).<\/p>\n<\/li>\n<li class=\"\" data-start=\"1694\" data-end=\"1758\">\n<p class=\"\" data-start=\"1697\" data-end=\"1758\">Visit <code data-start=\"1703\" data-end=\"1741\">http:\/\/localhost\/password-generator\/<\/code> in your browser.<\/p>\n<\/li>\n<li class=\"\" data-start=\"1759\" data-end=\"1811\">\n<p class=\"\" data-start=\"1762\" data-end=\"1811\">Use, test, and copy your strong custom passwords!<\/p>\n<\/li>\n<\/ol>\n<\/li>\n<\/ul>\n","protected":false},"excerpt":{"rendered":"<p>Welcome to the project breakdown! In this video, we built a custom password generator using the LAMP stack (Linux, Apache, MySQL*, PHP) with a focus on simplicity, customization, and usability. \u2705 What We Built A fully functional password generator with these features: Customizable password length (from 4 up to 2048 characters!) Options to include: \u2705 Uppercase letters \u2705 Lowercase letters \u2705 Numbers \u2705 Symbols \u2705 Accented characters (like \u00e9, \u00e7, \u00f1, \u00fc) Generated password appears on the same page. Password is displayed in a textarea to support long values. A \u201cCopy to Clipboard\u201d button makes it easy to grab your&hellip;<\/p>\n","protected":false},"featured_media":27186,"comment_status":"open","ping_status":"closed","template":"","meta":[],"product_brand":[],"product_cat":[1356],"product_tag":[],"class_list":{"0":"post-27183","1":"product","2":"type-product","3":"status-publish","4":"has-post-thumbnail","6":"product_cat-code-and-caffeine","8":"first","9":"instock","10":"downloadable","11":"virtual","12":"taxable","13":"purchasable","14":"product-type-simple"},"yoast_head":"<!-- This site is optimized with the Yoast SEO plugin v27.5 - https:\/\/yoast.com\/product\/yoast-seo-wordpress\/ -->\n<title>Green Tee Design - Code &amp; Caffeine - Password Generator Project | Part 1 - Green Tee Design<\/title>\n<meta name=\"robots\" content=\"noindex, follow\" \/>\n<meta property=\"og:locale\" content=\"en_US\" \/>\n<meta property=\"og:type\" content=\"article\" \/>\n<meta property=\"og:title\" content=\"Green Tee Design - Code &amp; Caffeine - Password Generator Project | Part 1 - Green Tee Design\" \/>\n<meta property=\"og:description\" content=\"Welcome to the project breakdown! In this video, we built a custom password generator using the LAMP stack (Linux, Apache, MySQL*, PHP) with a focus on simplicity, customization, and usability. \u2705 What We Built A fully functional password generator with these features: Customizable password length (from 4 up to 2048 characters!) Options to include: \u2705 Uppercase letters \u2705 Lowercase letters \u2705 Numbers \u2705 Symbols \u2705 Accented characters (like \u00e9, \u00e7, \u00f1, \u00fc) Generated password appears on the same page. Password is displayed in a textarea to support long values. A \u201cCopy to Clipboard\u201d button makes it easy to grab your&hellip;\" \/>\n<meta property=\"og:url\" content=\"https:\/\/www.greenteedesign.com\/greenteedesign\/welcome\/product\/green-tee-design-code-caffeine-password-generator-project-part-1\/\" \/>\n<meta property=\"og:site_name\" content=\"Green Tee Design\" \/>\n<meta property=\"article:publisher\" content=\"https:\/\/www.facebook.com\/GreenTeeDesign\" \/>\n<meta property=\"article:modified_time\" content=\"2025-03-28T04:46:06+00:00\" \/>\n<meta property=\"og:image\" content=\"https:\/\/www.greenteedesign.com\/greenteedesign\/welcome\/wp-content\/uploads\/2025\/03\/gtd_cnc_passwordgeneratorpt1thumb.png\" \/>\n\t<meta property=\"og:image:width\" content=\"1280\" \/>\n\t<meta property=\"og:image:height\" content=\"720\" \/>\n\t<meta property=\"og:image:type\" content=\"image\/png\" \/>\n<meta name=\"twitter:card\" content=\"summary_large_image\" \/>\n<meta name=\"twitter:site\" content=\"@greenteedesign\" \/>\n<meta name=\"twitter:label1\" content=\"Est. reading time\" \/>\n\t<meta name=\"twitter:data1\" content=\"1 minute\" \/>\n<script type=\"application\/ld+json\" class=\"yoast-schema-graph\">{\"@context\":\"https:\\\/\\\/schema.org\",\"@graph\":[{\"@type\":\"WebPage\",\"@id\":\"https:\\\/\\\/www.greenteedesign.com\\\/greenteedesign\\\/welcome\\\/product\\\/green-tee-design-code-caffeine-password-generator-project-part-1\\\/\",\"url\":\"https:\\\/\\\/www.greenteedesign.com\\\/greenteedesign\\\/welcome\\\/product\\\/green-tee-design-code-caffeine-password-generator-project-part-1\\\/\",\"name\":\"Green Tee Design - Code & Caffeine - Password Generator Project | Part 1 - Green Tee Design\",\"isPartOf\":{\"@id\":\"https:\\\/\\\/www.greenteedesign.com\\\/greenteedesign\\\/welcome\\\/#website\"},\"primaryImageOfPage\":{\"@id\":\"https:\\\/\\\/www.greenteedesign.com\\\/greenteedesign\\\/welcome\\\/product\\\/green-tee-design-code-caffeine-password-generator-project-part-1\\\/#primaryimage\"},\"image\":{\"@id\":\"https:\\\/\\\/www.greenteedesign.com\\\/greenteedesign\\\/welcome\\\/product\\\/green-tee-design-code-caffeine-password-generator-project-part-1\\\/#primaryimage\"},\"thumbnailUrl\":\"https:\\\/\\\/www.greenteedesign.com\\\/greenteedesign\\\/welcome\\\/wp-content\\\/uploads\\\/2025\\\/03\\\/gtd_cnc_passwordgeneratorpt1thumb.png\",\"datePublished\":\"2025-03-28T03:52:53+00:00\",\"dateModified\":\"2025-03-28T04:46:06+00:00\",\"breadcrumb\":{\"@id\":\"https:\\\/\\\/www.greenteedesign.com\\\/greenteedesign\\\/welcome\\\/product\\\/green-tee-design-code-caffeine-password-generator-project-part-1\\\/#breadcrumb\"},\"inLanguage\":\"en-US\",\"potentialAction\":[{\"@type\":\"ReadAction\",\"target\":[\"https:\\\/\\\/www.greenteedesign.com\\\/greenteedesign\\\/welcome\\\/product\\\/green-tee-design-code-caffeine-password-generator-project-part-1\\\/\"]}]},{\"@type\":\"ImageObject\",\"inLanguage\":\"en-US\",\"@id\":\"https:\\\/\\\/www.greenteedesign.com\\\/greenteedesign\\\/welcome\\\/product\\\/green-tee-design-code-caffeine-password-generator-project-part-1\\\/#primaryimage\",\"url\":\"https:\\\/\\\/www.greenteedesign.com\\\/greenteedesign\\\/welcome\\\/wp-content\\\/uploads\\\/2025\\\/03\\\/gtd_cnc_passwordgeneratorpt1thumb.png\",\"contentUrl\":\"https:\\\/\\\/www.greenteedesign.com\\\/greenteedesign\\\/welcome\\\/wp-content\\\/uploads\\\/2025\\\/03\\\/gtd_cnc_passwordgeneratorpt1thumb.png\",\"width\":1280,\"height\":720},{\"@type\":\"BreadcrumbList\",\"@id\":\"https:\\\/\\\/www.greenteedesign.com\\\/greenteedesign\\\/welcome\\\/product\\\/green-tee-design-code-caffeine-password-generator-project-part-1\\\/#breadcrumb\",\"itemListElement\":[{\"@type\":\"ListItem\",\"position\":1,\"name\":\"Home\",\"item\":\"https:\\\/\\\/www.greenteedesign.com\\\/greenteedesign\\\/welcome\\\/\"},{\"@type\":\"ListItem\",\"position\":2,\"name\":\"Shop\",\"item\":\"https:\\\/\\\/www.greenteedesign.com\\\/greenteedesign\\\/welcome\\\/shop\\\/\"},{\"@type\":\"ListItem\",\"position\":3,\"name\":\"Green Tee Design &#8211; Code &#038; Caffeine &#8211; Password Generator Project | Part 1\"}]},{\"@type\":\"WebSite\",\"@id\":\"https:\\\/\\\/www.greenteedesign.com\\\/greenteedesign\\\/welcome\\\/#website\",\"url\":\"https:\\\/\\\/www.greenteedesign.com\\\/greenteedesign\\\/welcome\\\/\",\"name\":\"Green Tee Design\",\"description\":\"We Design Your Vision\",\"publisher\":{\"@id\":\"https:\\\/\\\/www.greenteedesign.com\\\/greenteedesign\\\/welcome\\\/#organization\"},\"potentialAction\":[{\"@type\":\"SearchAction\",\"target\":{\"@type\":\"EntryPoint\",\"urlTemplate\":\"https:\\\/\\\/www.greenteedesign.com\\\/greenteedesign\\\/welcome\\\/?s={search_term_string}\"},\"query-input\":{\"@type\":\"PropertyValueSpecification\",\"valueRequired\":true,\"valueName\":\"search_term_string\"}}],\"inLanguage\":\"en-US\"},{\"@type\":\"Organization\",\"@id\":\"https:\\\/\\\/www.greenteedesign.com\\\/greenteedesign\\\/welcome\\\/#organization\",\"name\":\"Green Tee Design\",\"url\":\"https:\\\/\\\/www.greenteedesign.com\\\/greenteedesign\\\/welcome\\\/\",\"logo\":{\"@type\":\"ImageObject\",\"inLanguage\":\"en-US\",\"@id\":\"https:\\\/\\\/www.greenteedesign.com\\\/greenteedesign\\\/welcome\\\/#\\\/schema\\\/logo\\\/image\\\/\",\"url\":\"https:\\\/\\\/www.greenteedesign.com\\\/greenteedesign\\\/welcome\\\/wp-content\\\/uploads\\\/2020\\\/12\\\/cropped-greenteedesign2016logo-Copy-2.png\",\"contentUrl\":\"https:\\\/\\\/www.greenteedesign.com\\\/greenteedesign\\\/welcome\\\/wp-content\\\/uploads\\\/2020\\\/12\\\/cropped-greenteedesign2016logo-Copy-2.png\",\"width\":183,\"height\":90,\"caption\":\"Green Tee Design\"},\"image\":{\"@id\":\"https:\\\/\\\/www.greenteedesign.com\\\/greenteedesign\\\/welcome\\\/#\\\/schema\\\/logo\\\/image\\\/\"},\"sameAs\":[\"https:\\\/\\\/www.facebook.com\\\/GreenTeeDesign\",\"https:\\\/\\\/x.com\\\/greenteedesign\",\"https:\\\/\\\/www.instagram.com\\\/greenteedesign\\\/\"]}]}<\/script>\n<!-- \/ Yoast SEO plugin. -->","yoast_head_json":{"title":"Green Tee Design - Code & Caffeine - Password Generator Project | Part 1 - Green Tee Design","robots":{"index":"noindex","follow":"follow"},"og_locale":"en_US","og_type":"article","og_title":"Green Tee Design - Code & Caffeine - Password Generator Project | Part 1 - Green Tee Design","og_description":"Welcome to the project breakdown! In this video, we built a custom password generator using the LAMP stack (Linux, Apache, MySQL*, PHP) with a focus on simplicity, customization, and usability. \u2705 What We Built A fully functional password generator with these features: Customizable password length (from 4 up to 2048 characters!) Options to include: \u2705 Uppercase letters \u2705 Lowercase letters \u2705 Numbers \u2705 Symbols \u2705 Accented characters (like \u00e9, \u00e7, \u00f1, \u00fc) Generated password appears on the same page. Password is displayed in a textarea to support long values. A \u201cCopy to Clipboard\u201d button makes it easy to grab your&hellip;","og_url":"https:\/\/www.greenteedesign.com\/greenteedesign\/welcome\/product\/green-tee-design-code-caffeine-password-generator-project-part-1\/","og_site_name":"Green Tee Design","article_publisher":"https:\/\/www.facebook.com\/GreenTeeDesign","article_modified_time":"2025-03-28T04:46:06+00:00","og_image":[{"width":1280,"height":720,"url":"https:\/\/www.greenteedesign.com\/greenteedesign\/welcome\/wp-content\/uploads\/2025\/03\/gtd_cnc_passwordgeneratorpt1thumb.png","type":"image\/png"}],"twitter_card":"summary_large_image","twitter_site":"@greenteedesign","twitter_misc":{"Est. reading time":"1 minute"},"schema":{"@context":"https:\/\/schema.org","@graph":[{"@type":"WebPage","@id":"https:\/\/www.greenteedesign.com\/greenteedesign\/welcome\/product\/green-tee-design-code-caffeine-password-generator-project-part-1\/","url":"https:\/\/www.greenteedesign.com\/greenteedesign\/welcome\/product\/green-tee-design-code-caffeine-password-generator-project-part-1\/","name":"Green Tee Design - Code & Caffeine - Password Generator Project | Part 1 - Green Tee Design","isPartOf":{"@id":"https:\/\/www.greenteedesign.com\/greenteedesign\/welcome\/#website"},"primaryImageOfPage":{"@id":"https:\/\/www.greenteedesign.com\/greenteedesign\/welcome\/product\/green-tee-design-code-caffeine-password-generator-project-part-1\/#primaryimage"},"image":{"@id":"https:\/\/www.greenteedesign.com\/greenteedesign\/welcome\/product\/green-tee-design-code-caffeine-password-generator-project-part-1\/#primaryimage"},"thumbnailUrl":"https:\/\/www.greenteedesign.com\/greenteedesign\/welcome\/wp-content\/uploads\/2025\/03\/gtd_cnc_passwordgeneratorpt1thumb.png","datePublished":"2025-03-28T03:52:53+00:00","dateModified":"2025-03-28T04:46:06+00:00","breadcrumb":{"@id":"https:\/\/www.greenteedesign.com\/greenteedesign\/welcome\/product\/green-tee-design-code-caffeine-password-generator-project-part-1\/#breadcrumb"},"inLanguage":"en-US","potentialAction":[{"@type":"ReadAction","target":["https:\/\/www.greenteedesign.com\/greenteedesign\/welcome\/product\/green-tee-design-code-caffeine-password-generator-project-part-1\/"]}]},{"@type":"ImageObject","inLanguage":"en-US","@id":"https:\/\/www.greenteedesign.com\/greenteedesign\/welcome\/product\/green-tee-design-code-caffeine-password-generator-project-part-1\/#primaryimage","url":"https:\/\/www.greenteedesign.com\/greenteedesign\/welcome\/wp-content\/uploads\/2025\/03\/gtd_cnc_passwordgeneratorpt1thumb.png","contentUrl":"https:\/\/www.greenteedesign.com\/greenteedesign\/welcome\/wp-content\/uploads\/2025\/03\/gtd_cnc_passwordgeneratorpt1thumb.png","width":1280,"height":720},{"@type":"BreadcrumbList","@id":"https:\/\/www.greenteedesign.com\/greenteedesign\/welcome\/product\/green-tee-design-code-caffeine-password-generator-project-part-1\/#breadcrumb","itemListElement":[{"@type":"ListItem","position":1,"name":"Home","item":"https:\/\/www.greenteedesign.com\/greenteedesign\/welcome\/"},{"@type":"ListItem","position":2,"name":"Shop","item":"https:\/\/www.greenteedesign.com\/greenteedesign\/welcome\/shop\/"},{"@type":"ListItem","position":3,"name":"Green Tee Design &#8211; Code &#038; Caffeine &#8211; Password Generator Project | Part 1"}]},{"@type":"WebSite","@id":"https:\/\/www.greenteedesign.com\/greenteedesign\/welcome\/#website","url":"https:\/\/www.greenteedesign.com\/greenteedesign\/welcome\/","name":"Green Tee Design","description":"We Design Your Vision","publisher":{"@id":"https:\/\/www.greenteedesign.com\/greenteedesign\/welcome\/#organization"},"potentialAction":[{"@type":"SearchAction","target":{"@type":"EntryPoint","urlTemplate":"https:\/\/www.greenteedesign.com\/greenteedesign\/welcome\/?s={search_term_string}"},"query-input":{"@type":"PropertyValueSpecification","valueRequired":true,"valueName":"search_term_string"}}],"inLanguage":"en-US"},{"@type":"Organization","@id":"https:\/\/www.greenteedesign.com\/greenteedesign\/welcome\/#organization","name":"Green Tee Design","url":"https:\/\/www.greenteedesign.com\/greenteedesign\/welcome\/","logo":{"@type":"ImageObject","inLanguage":"en-US","@id":"https:\/\/www.greenteedesign.com\/greenteedesign\/welcome\/#\/schema\/logo\/image\/","url":"https:\/\/www.greenteedesign.com\/greenteedesign\/welcome\/wp-content\/uploads\/2020\/12\/cropped-greenteedesign2016logo-Copy-2.png","contentUrl":"https:\/\/www.greenteedesign.com\/greenteedesign\/welcome\/wp-content\/uploads\/2020\/12\/cropped-greenteedesign2016logo-Copy-2.png","width":183,"height":90,"caption":"Green Tee Design"},"image":{"@id":"https:\/\/www.greenteedesign.com\/greenteedesign\/welcome\/#\/schema\/logo\/image\/"},"sameAs":["https:\/\/www.facebook.com\/GreenTeeDesign","https:\/\/x.com\/greenteedesign","https:\/\/www.instagram.com\/greenteedesign\/"]}]}},"_links":{"self":[{"href":"https:\/\/www.greenteedesign.com\/greenteedesign\/welcome\/wp-json\/wp\/v2\/product\/27183","targetHints":{"allow":["GET"]}}],"collection":[{"href":"https:\/\/www.greenteedesign.com\/greenteedesign\/welcome\/wp-json\/wp\/v2\/product"}],"about":[{"href":"https:\/\/www.greenteedesign.com\/greenteedesign\/welcome\/wp-json\/wp\/v2\/types\/product"}],"replies":[{"embeddable":true,"href":"https:\/\/www.greenteedesign.com\/greenteedesign\/welcome\/wp-json\/wp\/v2\/comments?post=27183"}],"wp:featuredmedia":[{"embeddable":true,"href":"https:\/\/www.greenteedesign.com\/greenteedesign\/welcome\/wp-json\/wp\/v2\/media\/27186"}],"wp:attachment":[{"href":"https:\/\/www.greenteedesign.com\/greenteedesign\/welcome\/wp-json\/wp\/v2\/media?parent=27183"}],"wp:term":[{"taxonomy":"product_brand","embeddable":true,"href":"https:\/\/www.greenteedesign.com\/greenteedesign\/welcome\/wp-json\/wp\/v2\/product_brand?post=27183"},{"taxonomy":"product_cat","embeddable":true,"href":"https:\/\/www.greenteedesign.com\/greenteedesign\/welcome\/wp-json\/wp\/v2\/product_cat?post=27183"},{"taxonomy":"product_tag","embeddable":true,"href":"https:\/\/www.greenteedesign.com\/greenteedesign\/welcome\/wp-json\/wp\/v2\/product_tag?post=27183"}],"curies":[{"name":"wp","href":"https:\/\/api.w.org\/{rel}","templated":true}]}}